{"id":130,"date":"2017-08-10T18:19:37","date_gmt":"2017-08-10T16:19:37","guid":{"rendered":"http:\/\/marindelmoral.com\/animascity\/?page_id=130"},"modified":"2017-08-11T21:15:16","modified_gmt":"2017-08-11T19:15:16","slug":"donde-esta","status":"publish","type":"page","link":"http:\/\/marindelmoral.com\/animascity\/donde-esta\/","title":{"rendered":"\u00bfDonde est\u00e1?"},"content":{"rendered":"<p>\u00bfPuedes identificar qu\u00e9 sitio se ve en estas fotos o d\u00f3nde est\u00e1n hechas?<\/p>\nngg_shortcode_0_placeholder\n<p>&nbsp;<\/p>\n","protected":false},"excerpt":{"rendered":"<p>\u00bfPuedes identificar qu\u00e9 sitio se ve en estas fotos o d\u00f3nde est\u00e1n hechas? \u00bb order_by=\u00bbsortorder\u00bb order_direction=\u00bbASC\u00bb returns=\u00bbincluded\u00bb maximum_entity_count=\u00bb500&#8243;] &nbsp;<\/p>\n","protected":false},"author":1,"featured_media":0,"parent":0,"menu_order":0,"comment_status":"closed","ping_status":"closed","template":"","meta":{"ngg_post_thumbnail":0},"_links":{"self":[{"href":"http:\/\/marindelmoral.com\/animascity\/wp-json\/wp\/v2\/pages\/130"}],"collection":[{"href":"http:\/\/marindelmoral.com\/animascity\/wp-json\/wp\/v2\/pages"}],"about":[{"href":"http:\/\/marindelmoral.com\/animascity\/wp-json\/wp\/v2\/types\/page"}],"author":[{"embeddable":true,"href":"http:\/\/marindelmoral.com\/animascity\/wp-json\/wp\/v2\/users\/1"}],"replies":[{"embeddable":true,"href":"http:\/\/marindelmoral.com\/animascity\/wp-json\/wp\/v2\/comments?post=130"}],"version-history":[{"count":9,"href":"http:\/\/marindelmoral.com\/animascity\/wp-json\/wp\/v2\/pages\/130\/revisions"}],"predecessor-version":[{"id":239,"href":"http:\/\/marindelmoral.com\/animascity\/wp-json\/wp\/v2\/pages\/130\/revisions\/239"}],"wp:attachment":[{"href":"http:\/\/marindelmoral.com\/animascity\/wp-json\/wp\/v2\/media?parent=130"}],"curies":[{"name":"wp","href":"https:\/\/api.w.org\/{rel}","templated":true}]}}