{"id":179,"date":"2017-08-10T20:11:24","date_gmt":"2017-08-10T18:11:24","guid":{"rendered":"http:\/\/marindelmoral.com\/animascity\/?page_id=179"},"modified":"2017-08-14T13:05:14","modified_gmt":"2017-08-14T11:05:14","slug":"la-terraza","status":"publish","type":"page","link":"http:\/\/marindelmoral.com\/animascity\/la-terraza\/","title":{"rendered":"La terraza"},"content":{"rendered":"<p>Fotos tomadas en la terraza, uno de los sitios m\u00e1s populares de la casa. Todas las generaciones han tomado fotos all\u00ed.<\/p>\n<p><a class=\"ngg-fancybox\" title=\" \" href=\"http:\/\/marindelmoral.com\/animascity\/la-terraza\/vision-general\/\" rel=\"\" data-image-id=\"72\" data-src=\"http:\/\/marindelmoral.com\/animascity\/wp-content\/gallery\/visiongeneralterraza\/2014-03-29_263.JPG\" data-thumbnail=\"http:\/\/marindelmoral.com\/animascity\/wp-content\/gallery\/visiongeneralterraza\/thumbs\/thumbs_2014-03-29_263.JPG\" data-title=\"2014-03-29_263\" data-description=\" \"><img decoding=\"async\" class=\"ngg-singlepic ngg-none\" src=\"http:\/\/marindelmoral.com\/animascity\/wp-content\/gallery\/visiongeneralterraza\/thumbs\/thumbs_2014-03-29_263.JPG\" alt=\"2014-03-29_263\"><\/a>&nbsp;Visi\u00f3n General y paisaje<\/p>\n<p><a class=\"ngg-fancybox\" title=\" \" href=\"http:\/\/marindelmoral.com\/animascity\/1958-o-1959\/\" rel=\"\" data-image-id=\"67\" data-src=\"http:\/\/marindelmoral.com\/animascity\/wp-content\/gallery\/19581959\/serie4-7.jpeg\" data-thumbnail=\"http:\/\/marindelmoral.com\/animascity\/wp-content\/gallery\/19581959\/thumbs\/thumbs_serie4-7.jpeg\" data-title=\"serie4 (7)\" data-description=\" \"><img decoding=\"async\" class=\"ngg-singlepic ngg-none\" src=\"http:\/\/marindelmoral.com\/animascity\/wp-content\/gallery\/19581959\/thumbs\/thumbs_serie4-7.jpeg\" alt=\"serie4 (7)\"><\/a>\u00bf1958 o 1959?<\/p>\n<p><a class=\"ngg-fancybox\" title=\" \" href=\"http:\/\/marindelmoral.com\/animascity\/la-terraza\/aguedita-en-la-terraza\/\" rel=\"\" data-image-id=\"32\" data-src=\"http:\/\/marindelmoral.com\/animascity\/wp-content\/gallery\/aguedita\/aguedita-5.jpeg\" data-thumbnail=\"http:\/\/marindelmoral.com\/animascity\/wp-content\/gallery\/aguedita\/thumbs\/thumbs_aguedita-5.jpeg\" data-title=\"aguedita (5)\" data-description=\" \"><img decoding=\"async\" class=\"ngg-singlepic ngg-none\" src=\"http:\/\/marindelmoral.com\/animascity\/wp-content\/gallery\/aguedita\/thumbs\/thumbs_aguedita-5.jpeg\" alt=\"aguedita (5)\"><\/a>Aguedita en la terraza<\/p>\n<p><a href=\"http:\/\/marindelmoral.com\/animascity\/la-terraza\/los-marin-lopez\/\"><img decoding=\"async\" class=\"ngg-singlepic ngg-none\" src=\"http:\/\/marindelmoral.com\/animascity\/wp-content\/gallery\/marinlopez\/thumbs\/thumbs_2014-03-29_148.JPG\" alt=\"2014-03-29_148\"><\/a>&nbsp;&nbsp;&nbsp;Los Mar\u00edn L\u00f3pez<\/p>\n<p><a class=\"ngg-fancybox\" title=\" \" href=\"http:\/\/marindelmoral.com\/animascity\/la-terraza\/del-moral-romero\/\" rel=\"\" data-image-id=\"54\" data-src=\"http:\/\/marindelmoral.com\/animascity\/wp-content\/gallery\/delmoralromero\/2014-03-29_248.JPG\" data-thumbnail=\"http:\/\/marindelmoral.com\/animascity\/wp-content\/gallery\/delmoralromero\/thumbs\/thumbs_2014-03-29_248.JPG\" data-title=\"2014-03-29_248\" data-description=\" \"><img decoding=\"async\" class=\"ngg-singlepic ngg-none\" src=\"http:\/\/marindelmoral.com\/animascity\/wp-content\/gallery\/delmoralromero\/thumbs\/thumbs_2014-03-29_248.JPG\" alt=\"2014-03-29_248\"><\/a>&nbsp;&nbsp; Del Moral Romero<\/p>\n<p><a href=\"http:\/\/marindelmoral.com\/animascity\/la-terraza\/chon-y-baranda\/\"><img decoding=\"async\" class=\"ngg-singlepic ngg-none\" src=\"http:\/\/marindelmoral.com\/animascity\/wp-content\/gallery\/chonbaranda\/thumbs\/thumbs_2014-03-29_112.JPG\" alt=\"2014-03-29_112\"><\/a>&nbsp;&nbsp;&nbsp;Chon y baranda<\/p>\n<p>&nbsp;<\/p>\n","protected":false},"excerpt":{"rendered":"<p>Fotos tomadas en la terraza, uno de los sitios m\u00e1s populares de la casa. Todas las generaciones han tomado fotos all\u00ed. &nbsp;Visi\u00f3n General y paisaje \u00bf1958 o 1959? Aguedita en la terraza &nbsp;&nbsp;&nbsp;Los Mar\u00edn L\u00f3pez &nbsp;&nbsp; Del Moral Romero &nbsp;&nbsp;&nbsp;Chon y baranda &nbsp;<\/p>\n","protected":false},"author":1,"featured_media":0,"parent":0,"menu_order":0,"comment_status":"closed","ping_status":"closed","template":"","meta":{"ngg_post_thumbnail":0},"_links":{"self":[{"href":"http:\/\/marindelmoral.com\/animascity\/wp-json\/wp\/v2\/pages\/179"}],"collection":[{"href":"http:\/\/marindelmoral.com\/animascity\/wp-json\/wp\/v2\/pages"}],"about":[{"href":"http:\/\/marindelmoral.com\/animascity\/wp-json\/wp\/v2\/types\/page"}],"author":[{"embeddable":true,"href":"http:\/\/marindelmoral.com\/animascity\/wp-json\/wp\/v2\/users\/1"}],"replies":[{"embeddable":true,"href":"http:\/\/marindelmoral.com\/animascity\/wp-json\/wp\/v2\/comments?post=179"}],"version-history":[{"count":20,"href":"http:\/\/marindelmoral.com\/animascity\/wp-json\/wp\/v2\/pages\/179\/revisions"}],"predecessor-version":[{"id":382,"href":"http:\/\/marindelmoral.com\/animascity\/wp-json\/wp\/v2\/pages\/179\/revisions\/382"}],"wp:attachment":[{"href":"http:\/\/marindelmoral.com\/animascity\/wp-json\/wp\/v2\/media?parent=179"}],"curies":[{"name":"wp","href":"https:\/\/api.w.org\/{rel}","templated":true}]}}