{"id":185,"date":"2017-08-10T20:12:12","date_gmt":"2017-08-10T18:12:12","guid":{"rendered":"http:\/\/marindelmoral.com\/animascity\/?page_id=185"},"modified":"2017-08-15T12:18:58","modified_gmt":"2017-08-15T10:18:58","slug":"las-torres","status":"publish","type":"page","link":"http:\/\/marindelmoral.com\/animascity\/las-torres\/","title":{"rendered":"Las Torres"},"content":{"rendered":"<p>La torre, zona de mecedores, y la terracilla (\u00a1ojo! no confundir con la terracilla del huerto) zona de guerra entre indios y rostros p\u00e1lidos.<\/p>\n<p><a href=\"http:\/\/marindelmoral.com\/animascity\/vision-general\/\"><img decoding=\"async\" loading=\"lazy\" width=\"200\" height=\"300\" class=\"alignnone size-medium wp-image-57\" src=\"http:\/\/marindelmoral.com\/animascity\/wp-content\/uploads\/2017\/08\/2014-03-28_19-200x300.jpg\" alt=\"\" srcset=\"http:\/\/marindelmoral.com\/animascity\/wp-content\/uploads\/2017\/08\/2014-03-28_19-200x300.jpg 200w, http:\/\/marindelmoral.com\/animascity\/wp-content\/uploads\/2017\/08\/2014-03-28_19-768x1152.jpg 768w, http:\/\/marindelmoral.com\/animascity\/wp-content\/uploads\/2017\/08\/2014-03-28_19-683x1024.jpg 683w\" sizes=\"(max-width: 200px) 100vw, 200px\" \/><\/a>Visi\u00f3n General<\/p>\n<p><a href=\"http:\/\/marindelmoral.com\/animascity\/marin-lopez\/\"><img decoding=\"async\" class=\"ngg-singlepic ngg-none\" src=\"http:\/\/marindelmoral.com\/animascity\/wp-content\/gallery\/losmarinlopeztorre\/thumbs\/thumbs_2014-03-29_173.JPG\" alt=\"2014-03-29_173\" ><\/a>Mar\u00edn L\u00f3pez<\/p>\n<p><a href=\"http:\/\/marindelmoral.com\/animascity\/felices-anos-60\/\"><img decoding=\"async\" class=\"ngg-singlepic ngg-none\" src=\"http:\/\/marindelmoral.com\/animascity\/wp-content\/gallery\/felices60\/thumbs\/thumbs_serie5-5.jpeg\" alt=\"serie5 (5)\" ><\/a>Felices a\u00f1os 60<\/p>\n<p>&nbsp;<\/p>\n","protected":false},"excerpt":{"rendered":"<p>La torre, zona de mecedores, y la terracilla (\u00a1ojo! no confundir con la terracilla del huerto) zona de guerra entre indios y rostros p\u00e1lidos. Visi\u00f3n General Mar\u00edn L\u00f3pez Felices a\u00f1os 60 &nbsp;<\/p>\n","protected":false},"author":1,"featured_media":0,"parent":0,"menu_order":0,"comment_status":"closed","ping_status":"closed","template":"","meta":{"ngg_post_thumbnail":0},"_links":{"self":[{"href":"http:\/\/marindelmoral.com\/animascity\/wp-json\/wp\/v2\/pages\/185"}],"collection":[{"href":"http:\/\/marindelmoral.com\/animascity\/wp-json\/wp\/v2\/pages"}],"about":[{"href":"http:\/\/marindelmoral.com\/animascity\/wp-json\/wp\/v2\/types\/page"}],"author":[{"embeddable":true,"href":"http:\/\/marindelmoral.com\/animascity\/wp-json\/wp\/v2\/users\/1"}],"replies":[{"embeddable":true,"href":"http:\/\/marindelmoral.com\/animascity\/wp-json\/wp\/v2\/comments?post=185"}],"version-history":[{"count":15,"href":"http:\/\/marindelmoral.com\/animascity\/wp-json\/wp\/v2\/pages\/185\/revisions"}],"predecessor-version":[{"id":432,"href":"http:\/\/marindelmoral.com\/animascity\/wp-json\/wp\/v2\/pages\/185\/revisions\/432"}],"wp:attachment":[{"href":"http:\/\/marindelmoral.com\/animascity\/wp-json\/wp\/v2\/media?parent=185"}],"curies":[{"name":"wp","href":"https:\/\/api.w.org\/{rel}","templated":true}]}}