{"id":248,"date":"2017-08-12T10:57:11","date_gmt":"2017-08-12T08:57:11","guid":{"rendered":"http:\/\/marindelmoral.com\/animascity\/?page_id=248"},"modified":"2017-08-14T12:54:04","modified_gmt":"2017-08-14T10:54:04","slug":"glosario-de-las-estancias","status":"publish","type":"page","link":"http:\/\/marindelmoral.com\/animascity\/glosario-de-las-estancias\/","title":{"rendered":"Glosario de las estancias"},"content":{"rendered":"<p><strong>PLANTA BAJA<\/strong><\/p>\n<p>Portal: Al que se acced\u00eda desde el Callejon de \u00c1nimas.<\/p>\n<p>Patio: El patio principal.<\/p>\n<p>Cuarto de los ratones: Debajo de las escaleras de granito, tambien llamadas de Do\u00f1a Marina.<\/p>\n<p>Patinillo: Se entraba desde el patio por un peque\u00f1o pasillo y teniamos la le\u00f1a para quemar.<\/p>\n<p>Laboratorio: Estaba entrando al patinillo a mano derecha y estuvo all\u00ed el laboratorio fotogr\u00e1fico.<\/p>\n<p>\u00bfCuarto de chismes?: Estaba entrando al patinillo a mano izquierda.<\/p>\n<p>Almac\u00e9n de Tita Paca:<\/p>\n<p>\u00bfOtro almac\u00e9n?: El que estaba debajo de la cocina.<\/p>\n<p>\u00bfHueco bajo escalera?: Hueco debajo de la escalera principal donde hab\u00eda unas tinajas de piedra.<\/p>\n<p>&nbsp;<\/p>\n<p><strong>PRIMERA PLANTA<\/strong><\/p>\n<p>Salas: Sala de dentro y sala de fuera<\/p>\n<p>Escaleras de madera: Las que sub\u00edan hasta el huerto.<\/p>\n<p>Comedor: D\u00f3nde estaba la chimenea.<\/p>\n<p>La cocina: Pues eso.<\/p>\n<p>Pasillo de abajo: Pues eso.<\/p>\n<p>Dormitorio1: Dormitorio de \u00bfEmilito?, Pepe Luis y Carlos.<\/p>\n<p>Dormitorio2: Dormitorio de \u00bf?, y de Antonio<\/p>\n<p>Dormitorio3: El que daba al patio. Dormitorio de \u00bfPaco Julio?, y de Jes\u00fas.<\/p>\n<p>Despacho: O cuarto de estar. Era el antiguo despacho de Tito Paco.<\/p>\n<p>Cuarto de la m\u00e1quina: Era el antiguo dormitorio de Tito Paco.<\/p>\n<p>&nbsp;<\/p>\n<p><strong>SEGUNDA PLANTA<\/strong><\/p>\n<p>PISO DE TITA PACA:<\/p>\n<p>Patinillo de Tita Paca: Patinillo que hab\u00eda debajo del Patio de Arriba.<\/p>\n<p>Cocina de Tita Paca: Pues eso.<\/p>\n<p>Comedor de Tita Paca: El que daba el patio.<\/p>\n<p>Dormitorio de Tita Paca: Donde dorm\u00eda en la \u00faltima \u00e9poca Tita Paca.<\/p>\n<p>Dormitorio de Emilito: Era el dormitorio grande. Se llamaba as\u00ed porque estuvieron durmiendo un tiempo Emilito y Loli. Antiguamente era el dormitorio de Tito Pepe y Tita Paca.<\/p>\n<p>Cuarto de paso \u00bfsin nombre?: Daba acceso al cuarto de ba\u00f1o<\/p>\n<p>Cuarto de ba\u00f1o de Tita Paca: Pues eso.<\/p>\n<p>&nbsp;<\/p>\n<p>PISO DE DO\u00d1A MARINA:<\/p>\n<p>Cocina de Do\u00f1a Marina: Pues eso. Se podia acceder desde las escaleras de madera.<\/p>\n<p>Dormitorio de Do\u00f1a Marina: La habitaci\u00f3n grande junto a la cocina.<\/p>\n<p>Cuarto de estar de Do\u00f1a Marina: Habitaci\u00f3n peque\u00f1a de paso.<\/p>\n<p>Comedor de Do\u00f1a Marina: Habitaci\u00f3n grande de entrada del piso.<\/p>\n<p>&nbsp;<\/p>\n<p><strong>TERCERA PLANTA<\/strong><\/p>\n<p>Cuarto de Do\u00f1a Ascensi\u00f3n: Habitaci\u00f3n a la que se entraba por las escaleras. Se llamaba as\u00ed porque estuvo viviendo ah\u00ed Do\u00f1a Ascensi\u00f3n, la madre de Tito Pepe.<\/p>\n<p>Pasillo de arriba: Pues eso.<\/p>\n<p>Dormitorio de Mam\u00e1: El m\u00e1s grande, ten\u00eda una ventana que daba al Patinillo.<\/p>\n<p>Dormitorio de los ni\u00f1os: El que estaba al lado del de Mama y que se comunicaba por una puerta de cristales.<\/p>\n<p>Cuarto de la costura: Donde estaban las c\u00f3modas y la m\u00e1quina de coser.<\/p>\n<p>Cuarto de ba\u00f1o: Pues eso.<\/p>\n<p>Comedor de arriba: El que ten\u00eda la chimenea.<\/p>\n<p>Vater: Pues eso.<\/p>\n<p>Cuarto de estudio: Antiguo cuarto de estar de Tito Paco, donde dec\u00eda misa.<\/p>\n<p>Cuarto de Carlos: Antiguo dormitorio de Tito Paco, y de Papa Emilio y de Tita Julia.<\/p>\n<p>Patio de arriba: Donde estaba la pila de lavar.<\/p>\n<p>Torre cubierta: Donde estaban las herramientas y luego se construyo el lavadero.<\/p>\n<p>Torrecilla: Terraza junto a la torre cubierta y que daba acceso a la terraza.<\/p>\n<p>&nbsp;<\/p>\n<p><strong>CUARTA ALTURA<\/strong><\/p>\n<p>La terraza: Donde se tend\u00eda la ropa y se secaba en una vol\u00e1.<\/p>\n<p>El huerto: El jard\u00edn.<\/p>\n<p>&nbsp;<\/p>\n<p><strong>QUINTA ALTURA<\/strong><\/p>\n<p>La terracilla. Peque\u00f1a terraza en el huerto que en realidad era la tapa del aljibe.<\/p>\n<p>&nbsp;<\/p>\n<p>&nbsp;<\/p>\n<p>&nbsp;<\/p>\n<p>&nbsp;<\/p>\n<p>&nbsp;<\/p>\n","protected":false},"excerpt":{"rendered":"<p>PLANTA BAJA Portal: Al que se acced\u00eda desde el Callejon de \u00c1nimas. Patio: El patio principal. Cuarto de los ratones: Debajo de las escaleras de granito, tambien llamadas de Do\u00f1a Marina. Patinillo: Se entraba desde el patio por un peque\u00f1o pasillo y teniamos la le\u00f1a para quemar. Laboratorio: Estaba entrando al patinillo a mano derecha &hellip; <\/p>\n<p class=\"link-more\"><a href=\"http:\/\/marindelmoral.com\/animascity\/glosario-de-las-estancias\/\" class=\"more-link\">Continuar leyendo<span class=\"screen-reader-text\"> \u00abGlosario de las estancias\u00bb<\/span><\/a><\/p>\n","protected":false},"author":1,"featured_media":0,"parent":0,"menu_order":0,"comment_status":"closed","ping_status":"closed","template":"","meta":{"ngg_post_thumbnail":0},"_links":{"self":[{"href":"http:\/\/marindelmoral.com\/animascity\/wp-json\/wp\/v2\/pages\/248"}],"collection":[{"href":"http:\/\/marindelmoral.com\/animascity\/wp-json\/wp\/v2\/pages"}],"about":[{"href":"http:\/\/marindelmoral.com\/animascity\/wp-json\/wp\/v2\/types\/page"}],"author":[{"embeddable":true,"href":"http:\/\/marindelmoral.com\/animascity\/wp-json\/wp\/v2\/users\/1"}],"replies":[{"embeddable":true,"href":"http:\/\/marindelmoral.com\/animascity\/wp-json\/wp\/v2\/comments?post=248"}],"version-history":[{"count":5,"href":"http:\/\/marindelmoral.com\/animascity\/wp-json\/wp\/v2\/pages\/248\/revisions"}],"predecessor-version":[{"id":383,"href":"http:\/\/marindelmoral.com\/animascity\/wp-json\/wp\/v2\/pages\/248\/revisions\/383"}],"wp:attachment":[{"href":"http:\/\/marindelmoral.com\/animascity\/wp-json\/wp\/v2\/media?parent=248"}],"curies":[{"name":"wp","href":"https:\/\/api.w.org\/{rel}","templated":true}]}}