{"id":404,"date":"2017-08-15T11:53:20","date_gmt":"2017-08-15T09:53:20","guid":{"rendered":"http:\/\/marindelmoral.com\/animascity\/?page_id=404"},"modified":"2017-08-15T11:53:20","modified_gmt":"2017-08-15T09:53:20","slug":"felices-anos-60","status":"publish","type":"page","link":"http:\/\/marindelmoral.com\/animascity\/felices-anos-60\/","title":{"rendered":"Felices a\u00f1os 60"},"content":{"rendered":"<p>S\u00ed que fueron felices, s\u00ed, al menos para los ni\u00f1os.<\/p>\nngg_shortcode_0_placeholder\n","protected":false},"excerpt":{"rendered":"<p>S\u00ed que fueron felices, s\u00ed, al menos para los ni\u00f1os. \u00bb order_by=\u00bbsortorder\u00bb order_direction=\u00bbASC\u00bb returns=\u00bbincluded\u00bb maximum_entity_count=\u00bb500&#8243;]<\/p>\n","protected":false},"author":1,"featured_media":0,"parent":0,"menu_order":0,"comment_status":"closed","ping_status":"closed","template":"","meta":{"ngg_post_thumbnail":0},"_links":{"self":[{"href":"http:\/\/marindelmoral.com\/animascity\/wp-json\/wp\/v2\/pages\/404"}],"collection":[{"href":"http:\/\/marindelmoral.com\/animascity\/wp-json\/wp\/v2\/pages"}],"about":[{"href":"http:\/\/marindelmoral.com\/animascity\/wp-json\/wp\/v2\/types\/page"}],"author":[{"embeddable":true,"href":"http:\/\/marindelmoral.com\/animascity\/wp-json\/wp\/v2\/users\/1"}],"replies":[{"embeddable":true,"href":"http:\/\/marindelmoral.com\/animascity\/wp-json\/wp\/v2\/comments?post=404"}],"version-history":[{"count":1,"href":"http:\/\/marindelmoral.com\/animascity\/wp-json\/wp\/v2\/pages\/404\/revisions"}],"predecessor-version":[{"id":419,"href":"http:\/\/marindelmoral.com\/animascity\/wp-json\/wp\/v2\/pages\/404\/revisions\/419"}],"wp:attachment":[{"href":"http:\/\/marindelmoral.com\/animascity\/wp-json\/wp\/v2\/media?parent=404"}],"curies":[{"name":"wp","href":"https:\/\/api.w.org\/{rel}","templated":true}]}}